{"id":11,"date":"2022-10-20T11:23:59","date_gmt":"2022-10-20T11:23:59","guid":{"rendered":"https:\/\/okoinfo.rs\/?page_id=11"},"modified":"2025-02-14T13:23:40","modified_gmt":"2025-02-14T13:23:40","slug":"o-nama","status":"publish","type":"page","link":"https:\/\/okoinfo.rs\/?page_id=11","title":{"rendered":"O nama"},"content":{"rendered":"\n<p>Udru\u017eenje gra\u0111ana Oko info iz Kova\u010dice je izdava\u010d medija, portala, Oko info. Udru\u017eenje je osnovano sa idejom da se kroz rad portala osvrnemo na va\u017ena pitanja i teme iz na\u0161e okoline. U skladu sa ciljevima rada udru\u017eenja, trudimo se da pove\u0107amo nivo obrazovanja i informisanja o marginalizovanim dru\u0161tvenim grupama kao i o va\u017enim dru\u0161tvenim pitanjima za \u010ditavu zajednicu kojoj pripadamo. <\/p>\n\n\n\n<p><\/p>\n\n\n\n<p><\/p>\n\n\n\n<p><\/p>\n\n\n\n<p><\/p>\n\n\n\n<p class=\"has-medium-font-size\"><strong>Impressum<\/strong><\/p>\n\n\n\n<p>Naziv medija:&nbsp;<strong>Internet portal Oko info<\/strong><\/p>\n\n\n\n<p>Naziv i sedi\u0161te izdava\u010da:&nbsp;<strong>Udru\u017eenje gra\u0111ana Oko info, Kova\u010dica<\/strong><\/p>\n\n\n\n<p>Adresa elektronske po\u0161te ili internet stranice:&nbsp;<a href=\"mailto:udruzenje.oko@gmail.com\" target=\"_blank\" rel=\"noreferrer noopener\">udruzenje.oko@gmail.com<\/a><\/p>\n\n\n\n<p>Li\u010dna imena glavnog urednika medija:&nbsp;<strong>\u017delimir \u0160ipicki<\/strong><\/p>\n\n\n\n<p>Podatke o nadle\u017enim regulatornim, odnosno nadzornim telima:&nbsp;<strong>RINDS<\/strong><\/p>\n\n\n\n<p>Registracioni broj medija:&nbsp;<strong>IN000926<\/strong><\/p>\n","protected":false},"excerpt":{"rendered":"<p>Udru\u017eenje gra\u0111ana Oko info iz Kova\u010dice je izdava\u010d medija, portala, Oko info. Udru\u017eenje je osnovano sa idejom da<\/p>\n","protected":false},"author":1,"featured_media":0,"parent":0,"menu_order":0,"comment_status":"closed","ping_status":"closed","template":"","meta":{"footnotes":""},"class_list":["post-11","page","type-page","status-publish","hentry"],"_links":{"self":[{"href":"https:\/\/okoinfo.rs\/index.php?rest_route=\/wp\/v2\/pages\/11","targetHints":{"allow":["GET"]}}],"collection":[{"href":"https:\/\/okoinfo.rs\/index.php?rest_route=\/wp\/v2\/pages"}],"about":[{"href":"https:\/\/okoinfo.rs\/index.php?rest_route=\/wp\/v2\/types\/page"}],"author":[{"embeddable":true,"href":"https:\/\/okoinfo.rs\/index.php?rest_route=\/wp\/v2\/users\/1"}],"replies":[{"embeddable":true,"href":"https:\/\/okoinfo.rs\/index.php?rest_route=%2Fwp%2Fv2%2Fcomments&post=11"}],"version-history":[{"count":6,"href":"https:\/\/okoinfo.rs\/index.php?rest_route=\/wp\/v2\/pages\/11\/revisions"}],"predecessor-version":[{"id":329,"href":"https:\/\/okoinfo.rs\/index.php?rest_route=\/wp\/v2\/pages\/11\/revisions\/329"}],"wp:attachment":[{"href":"https:\/\/okoinfo.rs\/index.php?rest_route=%2Fwp%2Fv2%2Fmedia&parent=11"}],"curies":[{"name":"wp","href":"https:\/\/api.w.org\/{rel}","templated":true}]}}